{"id":118,"date":"2020-09-14T21:08:58","date_gmt":"2020-09-14T21:08:58","guid":{"rendered":"http:\/\/biolethics.com\/?page_id=118"},"modified":"2023-08-11T11:07:23","modified_gmt":"2023-08-11T11:07:23","slug":"development","status":"publish","type":"page","link":"https:\/\/biolethics.com\/es\/development\/","title":{"rendered":"Desarrollo"},"content":{"rendered":"<div data-elementor-type=\"wp-page\" data-elementor-id=\"118\" class=\"elementor elementor-118\" data-elementor-post-type=\"page\">\n\t\t\t\t\t\t<section class=\"elementor-section elementor-top-section elementor-element elementor-element-9e3e850 elementor-section-height-min-height elementor-section-items-top elementor-section-content-middle elementor-section-boxed elementor-section-height-default\" data-id=\"9e3e850\" data-element_type=\"section\" data-e-type=\"section\" data-settings=\"{&quot;background_background&quot;:&quot;classic&quot;}\">\n\t\t\t\t\t\t\t<div class=\"elementor-background-overlay\"><\/div>\n\t\t\t\t\t\t\t<div class=\"elementor-container elementor-column-gap-no\">\n\t\t\t\t\t<div class=\"elementor-column elementor-col-100 elementor-top-column elementor-element elementor-element-431638a\" data-id=\"431638a\" data-element_type=\"column\" data-e-type=\"column\">\n\t\t\t<div class=\"elementor-widget-wrap elementor-element-populated\">\n\t\t\t\t\t\t<div class=\"elementor-element elementor-element-f90322b elementor-widget elementor-widget-heading\" data-id=\"f90322b\" data-element_type=\"widget\" data-e-type=\"widget\" data-widget_type=\"heading.default\">\n\t\t\t\t<div class=\"elementor-widget-container\">\n\t\t\t\t\t<h2 class=\"elementor-heading-title elementor-size-default\">Desarrollo<\/h2>\t\t\t\t<\/div>\n\t\t\t\t<\/div>\n\t\t\t\t\t<\/div>\n\t\t<\/div>\n\t\t\t\t\t<\/div>\n\t\t<\/section>\n\t\t\t\t<section class=\"elementor-section elementor-top-section elementor-element elementor-element-11eab9b elementor-section-boxed elementor-section-height-default elementor-section-height-default\" data-id=\"11eab9b\" data-element_type=\"section\" data-e-type=\"section\">\n\t\t\t\t\t\t<div class=\"elementor-container elementor-column-gap-default\">\n\t\t\t\t\t<div class=\"elementor-column elementor-col-100 elementor-top-column elementor-element elementor-element-49f2aa0\" data-id=\"49f2aa0\" data-element_type=\"column\" data-e-type=\"column\">\n\t\t\t<div class=\"elementor-widget-wrap elementor-element-populated\">\n\t\t\t\t\t\t<div class=\"elementor-element elementor-element-191b94a elementor-widget elementor-widget-heading\" data-id=\"191b94a\" data-element_type=\"widget\" data-e-type=\"widget\" data-widget_type=\"heading.default\">\n\t\t\t\t<div class=\"elementor-widget-container\">\n\t\t\t\t\t<h2 class=\"elementor-heading-title elementor-size-default\">En ocho a\u00f1os se ha avanzado mucho en el desarrollo de un sustituto vegetal del sulfito. La biotecnolog\u00eda, el fitomejoramiento y la investigaci\u00f3n innovadora han desempe\u00f1ado un papel crucial en este progreso. Echemos un vistazo a los principales hitos conseguidos. <\/h2>\t\t\t\t<\/div>\n\t\t\t\t<\/div>\n\t\t\t\t<div class=\"elementor-element elementor-element-5296ab44 elementor-widget-divider--view-line elementor-widget elementor-widget-divider\" data-id=\"5296ab44\" data-element_type=\"widget\" data-e-type=\"widget\" data-widget_type=\"divider.default\">\n\t\t\t\t<div class=\"elementor-widget-container\">\n\t\t\t\t\t\t\t<div class=\"elementor-divider\">\n\t\t\t<span class=\"elementor-divider-separator\">\n\t\t\t\t\t\t<\/span>\n\t\t<\/div>\n\t\t\t\t\t\t<\/div>\n\t\t\t\t<\/div>\n\t\t\t\t\t<\/div>\n\t\t<\/div>\n\t\t\t\t\t<\/div>\n\t\t<\/section>\n\t\t\t\t<section class=\"elementor-section elementor-top-section elementor-element elementor-element-f58c91e elementor-section-boxed elementor-section-height-default elementor-section-height-default\" data-id=\"f58c91e\" data-element_type=\"section\" data-e-type=\"section\">\n\t\t\t\t\t\t<div class=\"elementor-container elementor-column-gap-default\">\n\t\t\t\t\t<div class=\"elementor-column elementor-col-100 elementor-top-column elementor-element elementor-element-ecd3a06\" data-id=\"ecd3a06\" data-element_type=\"column\" data-e-type=\"column\">\n\t\t\t<div class=\"elementor-widget-wrap elementor-element-populated\">\n\t\t\t\t\t\t<div class=\"elementor-element elementor-element-266c7a8 elementor-widget elementor-widget-spacer\" data-id=\"266c7a8\" data-element_type=\"widget\" data-e-type=\"widget\" data-widget_type=\"spacer.default\">\n\t\t\t\t<div class=\"elementor-widget-container\">\n\t\t\t\t\t\t\t<div class=\"elementor-spacer\">\n\t\t\t<div class=\"elementor-spacer-inner\"><\/div>\n\t\t<\/div>\n\t\t\t\t\t\t<\/div>\n\t\t\t\t<\/div>\n\t\t\t\t\t<\/div>\n\t\t<\/div>\n\t\t\t\t\t<\/div>\n\t\t<\/section>\n\t\t\t\t<section class=\"elementor-section elementor-top-section elementor-element elementor-element-ca3dd76 elementor-section-boxed elementor-section-height-default elementor-section-height-default\" data-id=\"ca3dd76\" data-element_type=\"section\" data-e-type=\"section\">\n\t\t\t\t\t\t<div class=\"elementor-container elementor-column-gap-default\">\n\t\t\t\t\t<div class=\"elementor-column elementor-col-100 elementor-top-column elementor-element elementor-element-92d1a98\" data-id=\"92d1a98\" data-element_type=\"column\" data-e-type=\"column\">\n\t\t\t<div class=\"elementor-widget-wrap elementor-element-populated\">\n\t\t\t\t\t\t<div class=\"elementor-element elementor-element-dbb9493 elementor-widget elementor-widget-timeline-widget-addon\" data-id=\"dbb9493\" data-element_type=\"widget\" data-e-type=\"widget\" data-widget_type=\"timeline-widget-addon.default\">\n\t\t\t\t<div class=\"elementor-widget-container\">\n\t\t\t\t\t<!-- ========= Timeline Widget Addon For Elementor 1.6.24 ========= -->\n<div id=\"twae-wrapper-dbb9493\" class=\"twae-vertical twae-wrapper  twae-both-sided\">   \n    <div class=\"twae-start\"><\/div>    \n    <div id=\"twea-timeline-dbb9493\" class=\"twae-timeline\" ><!-- Start of Story Repeater Content --><div id=\"story-07aa172\" class=\"twae-story twae-repeater-item twae-story-right twae-story-no-icon\"><!-- Story Label --><div class=\"twae-labels\"><div class=\"twae-label-big\">2015<\/div><\/div><!-- Story Icon --><div class=\"twae-icon\"><i aria-hidden=\"true\" class=\"far fa-clock\"><\/i><\/div><!-- Story Arrow --><div class=\"twae-arrow\"><\/div><!-- Start of Story Content --><div class=\"twae-content\"><!-- Story Title --><div class=\"twae-title\">Identificaci\u00f3n de plantas candidatas<\/div><!-- Story Description --><div class=\"twae-description\"><p>Inicialmente, los investigadores examinaron varias especies vegetales para encontrar las que producen de forma natural compuestos similares al sulfito. A continuaci\u00f3n, se estudiaron m\u00e1s a fondo las candidatas prometedoras.<\/p><\/div><\/div><\/div><!-- Start of Story Repeater Content --><div id=\"story-cbb60e1\" class=\"twae-story twae-repeater-item twae-story-left twae-story-no-icon\"><!-- Story Label --><div class=\"twae-labels\"><div class=\"twae-label-big\">2016<\/div><\/div><!-- Story Icon --><div class=\"twae-icon\"><i aria-hidden=\"true\" class=\"far fa-clock\"><\/i><\/div><!-- Story Arrow --><div class=\"twae-arrow\"><\/div><!-- Start of Story Content --><div class=\"twae-content\"><!-- Story Title --><div class=\"twae-title\">Pruebas in vitro<\/div><!-- Story Description --><div class=\"twae-description\"><p>Experimentos iniciales de laboratorio y pruebas in vitro realizadas en las bodegas preferidas.<\/p><\/div><\/div><\/div><!-- Start of Story Repeater Content --><div id=\"story-d782410\" class=\"twae-story twae-repeater-item twae-story-right twae-story-no-icon\"><!-- Story Label --><div class=\"twae-labels\"><div class=\"twae-label-big\">2017-2019<\/div><\/div><!-- Story Icon --><div class=\"twae-icon\"><i aria-hidden=\"true\" class=\"far fa-clock\"><\/i><\/div><!-- Story Arrow --><div class=\"twae-arrow\"><\/div><!-- Start of Story Content --><div class=\"twae-content\"><!-- Story Title --><div class=\"twae-title\">Mejora continua del producto <\/div><!-- Story Description --><div class=\"twae-description\"><p>Se realizaron pruebas exhaustivas para garantizar la seguridad y la no toxicidad del sustituto vegetal del sulfito para el consumo humano.<\/p><\/div><\/div><\/div><!-- Start of Story Repeater Content --><div id=\"story-4c9fcdf\" class=\"twae-story twae-repeater-item twae-story-left twae-story-no-icon\"><!-- Story Label --><div class=\"twae-labels\"><div class=\"twae-label-big\">2020<\/div><\/div><!-- Story Icon --><div class=\"twae-icon\"><i aria-hidden=\"true\" class=\"far fa-clock\"><\/i><\/div><!-- Story Arrow --><div class=\"twae-arrow\"><\/div><!-- Start of Story Content --><div class=\"twae-content\"><!-- Story Title --><div class=\"twae-title\">Experimento enol\u00f3gico<\/div><!-- Story Description --><div class=\"twae-description\"><p>Se obtuvo la autorizaci\u00f3n neerlandesa para llevar a cabo un experimento enol\u00f3gico a gran escala, junto con una patente y la colaboraci\u00f3n con la Universidad de Geisenheim.<\/p><\/div><\/div><\/div><!-- Start of Story Repeater Content --><div id=\"story-0b35367\" class=\"twae-story twae-repeater-item twae-story-right twae-story-no-icon\"><!-- Story Label --><div class=\"twae-labels\"><div class=\"twae-label-big\">2021-2022<\/div><\/div><!-- Story Icon --><div class=\"twae-icon\"><i aria-hidden=\"true\" class=\"far fa-clock\"><\/i><\/div><!-- Story Arrow --><div class=\"twae-arrow\"><\/div><!-- Start of Story Content --><div class=\"twae-content\"><!-- Story Title --><div class=\"twae-title\">Ensayos<\/div><!-- Story Description --><div class=\"twae-description\"><p>Se realizaron ensayos a escala mundial con una f\u00f3rmula mejorada.<\/p><\/div><\/div><\/div><!-- Start of Story Repeater Content --><div id=\"story-32fbead\" class=\"twae-story twae-repeater-item twae-story-left twae-story-no-icon\"><!-- Story Label --><div class=\"twae-labels\"><div class=\"twae-label-big\">2023<\/div><\/div><!-- Story Icon --><div class=\"twae-icon\"><i aria-hidden=\"true\" class=\"far fa-clock\"><\/i><\/div><!-- Story Arrow --><div class=\"twae-arrow\"><\/div><!-- Start of Story Content --><div class=\"twae-content\"><!-- Story Title --><div class=\"twae-title\">Aprobaci\u00f3n<\/div><!-- Story Description --><div class=\"twae-description\"><p>Aprobaci\u00f3n reglamentaria y aceptaci\u00f3n en el mercado.<\/p><\/div><\/div><\/div><\/div>\n    <div class=\"twae-end\"><\/div>\n    <\/div><style type=\"text\/css\">@media (max-width: 1024px){ .twae-wrapper{--tw-ybx-size: 80px !important;}}@media (max-width: 767px){ .twae-wrapper{--tw-ybx-size: 80px !important}}<\/style>\t\t\t\t<\/div>\n\t\t\t\t<\/div>\n\t\t\t\t\t<\/div>\n\t\t<\/div>\n\t\t\t\t\t<\/div>\n\t\t<\/section>\n\t\t\t\t<section class=\"elementor-section elementor-top-section elementor-element elementor-element-3c9616c elementor-section-boxed elementor-section-height-default elementor-section-height-default\" data-id=\"3c9616c\" data-element_type=\"section\" data-e-type=\"section\">\n\t\t\t\t\t\t<div class=\"elementor-container elementor-column-gap-default\">\n\t\t\t\t\t<div class=\"elementor-column elementor-col-100 elementor-top-column elementor-element elementor-element-3969bc3\" data-id=\"3969bc3\" data-element_type=\"column\" data-e-type=\"column\">\n\t\t\t<div class=\"elementor-widget-wrap elementor-element-populated\">\n\t\t\t\t\t\t<div class=\"elementor-element elementor-element-b216219 elementor-widget elementor-widget-heading\" data-id=\"b216219\" data-element_type=\"widget\" data-e-type=\"widget\" data-widget_type=\"heading.default\">\n\t\t\t\t<div class=\"elementor-widget-container\">\n\t\t\t\t\t<h2 class=\"elementor-heading-title elementor-size-default\">Despu\u00e9s de ocho a\u00f1os, el sustituto vegetal del sulfito se ha convertido en una alternativa comercialmente viable y ampliamente aceptada en la industria vitivin\u00edcola. No s\u00f3lo ha reducido la dependencia de las fuentes tradicionales de sulfitos, sino que tambi\u00e9n ha promovido pr\u00e1cticas sostenibles y respetuosas con el medio ambiente. La contribuci\u00f3n \u00fanica de ESTAAN\u00ae durante la vinificaci\u00f3n marca un hito importante en la b\u00fasqueda de un etiquetado limpio en el mundo del vino.<\/h2>\t\t\t\t<\/div>\n\t\t\t\t<\/div>\n\t\t\t\t\t<\/div>\n\t\t<\/div>\n\t\t\t\t\t<\/div>\n\t\t<\/section>\n\t\t\t\t<section class=\"elementor-section elementor-top-section elementor-element elementor-element-d0448d8 elementor-section-boxed elementor-section-height-default elementor-section-height-default\" data-id=\"d0448d8\" data-element_type=\"section\" data-e-type=\"section\">\n\t\t\t\t\t\t<div class=\"elementor-container elementor-column-gap-default\">\n\t\t\t\t\t<div class=\"elementor-column elementor-col-100 elementor-top-column elementor-element elementor-element-4ffcebc\" data-id=\"4ffcebc\" data-element_type=\"column\" data-e-type=\"column\">\n\t\t\t<div class=\"elementor-widget-wrap elementor-element-populated\">\n\t\t\t\t\t\t<div class=\"elementor-element elementor-element-0964c58 elementor-widget elementor-widget-spacer\" data-id=\"0964c58\" data-element_type=\"widget\" data-e-type=\"widget\" data-widget_type=\"spacer.default\">\n\t\t\t\t<div class=\"elementor-widget-container\">\n\t\t\t\t\t\t\t<div class=\"elementor-spacer\">\n\t\t\t<div class=\"elementor-spacer-inner\"><\/div>\n\t\t<\/div>\n\t\t\t\t\t\t<\/div>\n\t\t\t\t<\/div>\n\t\t\t\t\t<\/div>\n\t\t<\/div>\n\t\t\t\t\t<\/div>\n\t\t<\/section>\n\t\t\t\t<\/div>","protected":false},"excerpt":{"rendered":"<p>Development During the span of eight years, significant advancements have been made in developing a plant-based substitute for sulphite. Biotechnology, plant breeding, and innovative research have played crucial roles in this progress. Let&#8217;s take a look at the major milestones achieved. 2015Identification of Candidate Plants Initially, researchers examined various plant species to find ones that [&hellip;]<\/p>\n","protected":false},"author":2,"featured_media":0,"parent":0,"menu_order":0,"comment_status":"closed","ping_status":"closed","template":"elementor_header_footer","meta":{"footnotes":""},"class_list":["post-118","page","type-page","status-publish","hentry"],"_links":{"self":[{"href":"https:\/\/biolethics.com\/es\/wp-json\/wp\/v2\/pages\/118","targetHints":{"allow":["GET"]}}],"collection":[{"href":"https:\/\/biolethics.com\/es\/wp-json\/wp\/v2\/pages"}],"about":[{"href":"https:\/\/biolethics.com\/es\/wp-json\/wp\/v2\/types\/page"}],"author":[{"embeddable":true,"href":"https:\/\/biolethics.com\/es\/wp-json\/wp\/v2\/users\/2"}],"replies":[{"embeddable":true,"href":"https:\/\/biolethics.com\/es\/wp-json\/wp\/v2\/comments?post=118"}],"version-history":[{"count":133,"href":"https:\/\/biolethics.com\/es\/wp-json\/wp\/v2\/pages\/118\/revisions"}],"predecessor-version":[{"id":1738,"href":"https:\/\/biolethics.com\/es\/wp-json\/wp\/v2\/pages\/118\/revisions\/1738"}],"wp:attachment":[{"href":"https:\/\/biolethics.com\/es\/wp-json\/wp\/v2\/media?parent=118"}],"curies":[{"name":"wp","href":"https:\/\/api.w.org\/{rel}","templated":true}]}}