{"id":373,"date":"2020-10-02T12:06:48","date_gmt":"2020-10-02T12:06:48","guid":{"rendered":"http:\/\/biolethics.com\/?page_id=373"},"modified":"2023-08-11T12:48:30","modified_gmt":"2023-08-11T12:48:30","slug":"production","status":"publish","type":"page","link":"https:\/\/biolethics.com\/es\/production\/","title":{"rendered":"Producci\u00f3n"},"content":{"rendered":"<div data-elementor-type=\"wp-page\" data-elementor-id=\"373\" class=\"elementor elementor-373\" data-elementor-post-type=\"page\">\n\t\t\t\t\t\t<section class=\"elementor-section elementor-top-section elementor-element elementor-element-1372102 elementor-section-height-min-height elementor-section-items-top elementor-section-content-middle elementor-section-boxed elementor-section-height-default\" data-id=\"1372102\" data-element_type=\"section\" data-e-type=\"section\" data-settings=\"{&quot;background_background&quot;:&quot;classic&quot;}\">\n\t\t\t\t\t\t\t<div class=\"elementor-background-overlay\"><\/div>\n\t\t\t\t\t\t\t<div class=\"elementor-container elementor-column-gap-no\">\n\t\t\t\t\t<div class=\"elementor-column elementor-col-100 elementor-top-column elementor-element elementor-element-76a4cca2\" data-id=\"76a4cca2\" data-element_type=\"column\" data-e-type=\"column\">\n\t\t\t<div class=\"elementor-widget-wrap elementor-element-populated\">\n\t\t\t\t\t\t<div class=\"elementor-element elementor-element-3088523 elementor-widget elementor-widget-heading\" data-id=\"3088523\" data-element_type=\"widget\" data-e-type=\"widget\" data-widget_type=\"heading.default\">\n\t\t\t\t<div class=\"elementor-widget-container\">\n\t\t\t\t\t<h2 class=\"elementor-heading-title elementor-size-default\">Producci\u00f3n<\/h2>\t\t\t\t<\/div>\n\t\t\t\t<\/div>\n\t\t\t\t\t<\/div>\n\t\t<\/div>\n\t\t\t\t\t<\/div>\n\t\t<\/section>\n\t\t\t\t<section class=\"elementor-section elementor-top-section elementor-element elementor-element-79b325c2 elementor-section-content-middle elementor-section-boxed elementor-section-height-default elementor-section-height-default\" data-id=\"79b325c2\" data-element_type=\"section\" data-e-type=\"section\">\n\t\t\t\t\t\t<div class=\"elementor-container elementor-column-gap-no\">\n\t\t\t\t\t<div class=\"elementor-column elementor-col-50 elementor-top-column elementor-element elementor-element-5fec2548\" data-id=\"5fec2548\" data-element_type=\"column\" data-e-type=\"column\">\n\t\t\t<div class=\"elementor-widget-wrap elementor-element-populated\">\n\t\t\t\t\t\t<div class=\"elementor-element elementor-element-79eb3d13 elementor-widget elementor-widget-text-editor\" data-id=\"79eb3d13\" data-element_type=\"widget\" data-e-type=\"widget\" data-widget_type=\"text-editor.default\">\n\t\t\t\t<div class=\"elementor-widget-container\">\n\t\t\t\t\t\t\t\t\t<p>La producci\u00f3n de Estaan se atiene a las normas m\u00e1s estrictas en materia de buenas pr\u00e1cticas de fabricaci\u00f3n y seguridad alimentaria. En cada paso del proceso de producci\u00f3n, es crucial dar prioridad al control de calidad, la seguridad y la sostenibilidad. Esto garantiza el \u00e9xito de la comercializaci\u00f3n del sustituto vegetal del sulfito.<\/p>\t\t\t\t\t\t\t\t<\/div>\n\t\t\t\t<\/div>\n\t\t\t\t<div class=\"elementor-element elementor-element-30a92379 elementor-widget-divider--view-line elementor-widget elementor-widget-divider\" data-id=\"30a92379\" data-element_type=\"widget\" data-e-type=\"widget\" data-widget_type=\"divider.default\">\n\t\t\t\t<div class=\"elementor-widget-container\">\n\t\t\t\t\t\t\t<div class=\"elementor-divider\">\n\t\t\t<span class=\"elementor-divider-separator\">\n\t\t\t\t\t\t<\/span>\n\t\t<\/div>\n\t\t\t\t\t\t<\/div>\n\t\t\t\t<\/div>\n\t\t\t\t\t<\/div>\n\t\t<\/div>\n\t\t\t\t<div class=\"elementor-column elementor-col-50 elementor-top-column elementor-element elementor-element-6d1d58f2\" data-id=\"6d1d58f2\" data-element_type=\"column\" data-e-type=\"column\">\n\t\t\t<div class=\"elementor-widget-wrap elementor-element-populated\">\n\t\t\t\t\t\t<div class=\"elementor-element elementor-element-713f72ef elementor-widget elementor-widget-image\" data-id=\"713f72ef\" data-element_type=\"widget\" data-e-type=\"widget\" data-settings=\"{&quot;_animation&quot;:&quot;none&quot;}\" data-widget_type=\"image.default\">\n\t\t\t\t<div class=\"elementor-widget-container\">\n\t\t\t\t\t\t\t\t\t\t\t\t\t\t\t<img fetchpriority=\"high\" decoding=\"async\" width=\"2560\" height=\"1700\" src=\"https:\/\/biolethics.com\/wp-content\/uploads\/2021\/01\/Depositphotos_production-scaled.jpg\" class=\"attachment-full size-full wp-image-1455\" alt=\"\" srcset=\"https:\/\/biolethics.com\/wp-content\/uploads\/2021\/01\/Depositphotos_production-scaled.jpg 2560w, https:\/\/biolethics.com\/wp-content\/uploads\/2021\/01\/Depositphotos_production-300x199.jpg 300w, https:\/\/biolethics.com\/wp-content\/uploads\/2021\/01\/Depositphotos_production-1024x680.jpg 1024w, https:\/\/biolethics.com\/wp-content\/uploads\/2021\/01\/Depositphotos_production-768x510.jpg 768w, https:\/\/biolethics.com\/wp-content\/uploads\/2021\/01\/Depositphotos_production-1536x1020.jpg 1536w, https:\/\/biolethics.com\/wp-content\/uploads\/2021\/01\/Depositphotos_production-2048x1360.jpg 2048w\" sizes=\"(max-width: 2560px) 100vw, 2560px\" \/>\t\t\t\t\t\t\t\t\t\t\t\t\t\t\t<\/div>\n\t\t\t\t<\/div>\n\t\t\t\t\t<\/div>\n\t\t<\/div>\n\t\t\t\t\t<\/div>\n\t\t<\/section>\n\t\t\t\t<\/div>","protected":false},"excerpt":{"rendered":"<p>Production The production of Estaan adheres to the highest standards in GMP and food safety. At every step of the production process, it is crucial to prioritize quality control, safety, and sustainability. This ensures the successful commercialization of the plant-based substitute for sulphite.<\/p>","protected":false},"author":2,"featured_media":0,"parent":0,"menu_order":0,"comment_status":"closed","ping_status":"closed","template":"elementor_header_footer","meta":{"footnotes":""},"class_list":["post-373","page","type-page","status-publish","hentry"],"_links":{"self":[{"href":"https:\/\/biolethics.com\/es\/wp-json\/wp\/v2\/pages\/373","targetHints":{"allow":["GET"]}}],"collection":[{"href":"https:\/\/biolethics.com\/es\/wp-json\/wp\/v2\/pages"}],"about":[{"href":"https:\/\/biolethics.com\/es\/wp-json\/wp\/v2\/types\/page"}],"author":[{"embeddable":true,"href":"https:\/\/biolethics.com\/es\/wp-json\/wp\/v2\/users\/2"}],"replies":[{"embeddable":true,"href":"https:\/\/biolethics.com\/es\/wp-json\/wp\/v2\/comments?post=373"}],"version-history":[{"count":59,"href":"https:\/\/biolethics.com\/es\/wp-json\/wp\/v2\/pages\/373\/revisions"}],"predecessor-version":[{"id":1767,"href":"https:\/\/biolethics.com\/es\/wp-json\/wp\/v2\/pages\/373\/revisions\/1767"}],"wp:attachment":[{"href":"https:\/\/biolethics.com\/es\/wp-json\/wp\/v2\/media?parent=373"}],"curies":[{"name":"wp","href":"https:\/\/api.w.org\/{rel}","templated":true}]}}