{"id":608,"date":"2020-12-21T17:24:03","date_gmt":"2020-12-21T17:24:03","guid":{"rendered":"http:\/\/biolethics.com\/?page_id=608"},"modified":"2025-07-15T17:08:39","modified_gmt":"2025-07-15T17:08:39","slug":"home2","status":"publish","type":"page","link":"https:\/\/biolethics.com\/es\/","title":{"rendered":"Inicio"},"content":{"rendered":"<div data-elementor-type=\"wp-page\" data-elementor-id=\"608\" class=\"elementor elementor-608\" data-elementor-post-type=\"page\">\n\t\t\t\t\t\t<section class=\"elementor-section elementor-top-section elementor-element elementor-element-1ae2597 elementor-section-height-min-height elementor-section-boxed elementor-section-height-default elementor-section-items-middle\" data-id=\"1ae2597\" data-element_type=\"section\" data-e-type=\"section\" data-settings=\"{&quot;background_background&quot;:&quot;classic&quot;}\">\n\t\t\t\t\t\t<div class=\"elementor-container elementor-column-gap-default\">\n\t\t\t\t\t<div class=\"elementor-column elementor-col-100 elementor-top-column elementor-element elementor-element-14e541f elementor-invisible\" data-id=\"14e541f\" data-element_type=\"column\" data-e-type=\"column\" data-settings=\"{&quot;background_background&quot;:&quot;classic&quot;,&quot;animation&quot;:&quot;zoomIn&quot;}\">\n\t\t\t<div class=\"elementor-widget-wrap elementor-element-populated\">\n\t\t\t\t\t\t\t<\/div>\n\t\t<\/div>\n\t\t\t\t\t<\/div>\n\t\t<\/section>\n\t\t\t\t<section class=\"elementor-section elementor-top-section elementor-element elementor-element-2b792435 elementor-section-full_width elementor-section-height-default elementor-section-height-default\" data-id=\"2b792435\" data-element_type=\"section\" data-e-type=\"section\" data-settings=\"{&quot;background_background&quot;:&quot;classic&quot;}\">\n\t\t\t\t\t\t\t<div class=\"elementor-background-overlay\"><\/div>\n\t\t\t\t\t\t\t<div class=\"elementor-container elementor-column-gap-extended\">\n\t\t\t\t\t<div class=\"elementor-column elementor-col-100 elementor-top-column elementor-element elementor-element-2cdca60b\" data-id=\"2cdca60b\" data-element_type=\"column\" data-e-type=\"column\">\n\t\t\t<div class=\"elementor-widget-wrap elementor-element-populated\">\n\t\t\t\t\t\t<div class=\"elementor-element elementor-element-32bae475 elementor-widget__width-inherit elementor-widget elementor-widget-heading\" data-id=\"32bae475\" data-element_type=\"widget\" data-e-type=\"widget\" data-widget_type=\"heading.default\">\n\t\t\t\t<div class=\"elementor-widget-container\">\n\t\t\t\t\t<h4 class=\"elementor-heading-title elementor-size-default\">\"Si la comida es el cuerpo de la buena vida, el vino es su alma\".<\/h4>\t\t\t\t<\/div>\n\t\t\t\t<\/div>\n\t\t\t\t<div class=\"elementor-element elementor-element-5d6a6017 elementor-widget elementor-widget-text-editor\" data-id=\"5d6a6017\" data-element_type=\"widget\" data-e-type=\"widget\" data-widget_type=\"text-editor.default\">\n\t\t\t\t<div class=\"elementor-widget-container\">\n\t\t\t\t\t\t\t\t\t<p>&#8211; Clifton Fadiman &#8211;<\/p>\t\t\t\t\t\t\t\t<\/div>\n\t\t\t\t<\/div>\n\t\t\t\t\t<\/div>\n\t\t<\/div>\n\t\t\t\t\t<\/div>\n\t\t<\/section>\n\t\t\t\t<section class=\"elementor-section elementor-top-section elementor-element elementor-element-5e4a208 elementor-section-content-middle elementor-hidden-phone elementor-section-boxed elementor-section-height-default elementor-section-height-default\" data-id=\"5e4a208\" data-element_type=\"section\" data-e-type=\"section\">\n\t\t\t\t\t\t<div class=\"elementor-container elementor-column-gap-no\">\n\t\t\t\t\t<div class=\"elementor-column elementor-col-33 elementor-top-column elementor-element elementor-element-5b96f6fa\" data-id=\"5b96f6fa\" data-element_type=\"column\" data-e-type=\"column\">\n\t\t\t<div class=\"elementor-widget-wrap elementor-element-populated\">\n\t\t\t\t\t\t<div class=\"elementor-element elementor-element-5d516d4b elementor-widget elementor-widget-counter\" data-id=\"5d516d4b\" data-element_type=\"widget\" data-e-type=\"widget\" data-widget_type=\"counter.default\">\n\t\t\t\t<div class=\"elementor-widget-container\">\n\t\t\t\t\t\t\t<div class=\"elementor-counter\">\n\t\t\t<div class=\"elementor-counter-title\">Botellas de vino<\/div>\t\t\t<div class=\"elementor-counter-number-wrapper\">\n\t\t\t\t<span class=\"elementor-counter-number-prefix\"><\/span>\n\t\t\t\t<span class=\"elementor-counter-number\" data-duration=\"1500\" data-to-value=\"180000\" data-from-value=\"1\" data-delimiter=\".\">1<\/span>\n\t\t\t\t<span class=\"elementor-counter-number-suffix\"> <\/span>\n\t\t\t<\/div>\n\t\t<\/div>\n\t\t\t\t\t\t<\/div>\n\t\t\t\t<\/div>\n\t\t\t\t\t<\/div>\n\t\t<\/div>\n\t\t\t\t<div class=\"elementor-column elementor-col-33 elementor-top-column elementor-element elementor-element-1257b855\" data-id=\"1257b855\" data-element_type=\"column\" data-e-type=\"column\">\n\t\t\t<div class=\"elementor-widget-wrap elementor-element-populated\">\n\t\t\t\t\t\t<div class=\"elementor-element elementor-element-952ed8d elementor-hidden-phone elementor-widget elementor-widget-heading\" data-id=\"952ed8d\" data-element_type=\"widget\" data-e-type=\"widget\" data-widget_type=\"heading.default\">\n\t\t\t\t<div class=\"elementor-widget-container\">\n\t\t\t\t\t<h2 class=\"elementor-heading-title elementor-size-default\">con<\/h2>\t\t\t\t<\/div>\n\t\t\t\t<\/div>\n\t\t\t\t<div class=\"elementor-element elementor-element-ff1d17d elementor-widget-divider--view-line elementor-widget elementor-widget-divider\" data-id=\"ff1d17d\" data-element_type=\"widget\" data-e-type=\"widget\" data-widget_type=\"divider.default\">\n\t\t\t\t<div class=\"elementor-widget-container\">\n\t\t\t\t\t\t\t<div class=\"elementor-divider\">\n\t\t\t<span class=\"elementor-divider-separator\">\n\t\t\t\t\t\t<\/span>\n\t\t<\/div>\n\t\t\t\t\t\t<\/div>\n\t\t\t\t<\/div>\n\t\t\t\t\t<\/div>\n\t\t<\/div>\n\t\t\t\t<div class=\"elementor-column elementor-col-33 elementor-top-column elementor-element elementor-element-5d81aeea\" data-id=\"5d81aeea\" data-element_type=\"column\" data-e-type=\"column\">\n\t\t\t<div class=\"elementor-widget-wrap elementor-element-populated\">\n\t\t\t\t\t\t<div class=\"elementor-element elementor-element-741df06d elementor-widget elementor-widget-counter\" data-id=\"741df06d\" data-element_type=\"widget\" data-e-type=\"widget\" data-widget_type=\"counter.default\">\n\t\t\t\t<div class=\"elementor-widget-container\">\n\t\t\t\t\t\t\t<div class=\"elementor-counter\">\n\t\t\t<div class=\"elementor-counter-title\">Estaan<\/div>\t\t\t<div class=\"elementor-counter-number-wrapper\">\n\t\t\t\t<span class=\"elementor-counter-number-prefix\"><\/span>\n\t\t\t\t<span class=\"elementor-counter-number\" data-duration=\"2000\" data-to-value=\"100\" data-from-value=\"1\" data-delimiter=\",\">1<\/span>\n\t\t\t\t<span class=\"elementor-counter-number-suffix\">%<\/span>\n\t\t\t<\/div>\n\t\t<\/div>\n\t\t\t\t\t\t<\/div>\n\t\t\t\t<\/div>\n\t\t\t\t\t<\/div>\n\t\t<\/div>\n\t\t\t\t\t<\/div>\n\t\t<\/section>\n\t\t\t\t<section class=\"elementor-section elementor-top-section elementor-element elementor-element-5a1852e elementor-section-content-middle elementor-section-boxed elementor-section-height-default elementor-section-height-default\" data-id=\"5a1852e\" data-element_type=\"section\" data-e-type=\"section\">\n\t\t\t\t\t\t<div class=\"elementor-container elementor-column-gap-no\">\n\t\t\t\t\t<div class=\"elementor-column elementor-col-50 elementor-top-column elementor-element elementor-element-9d47674\" data-id=\"9d47674\" data-element_type=\"column\" data-e-type=\"column\">\n\t\t\t<div class=\"elementor-widget-wrap elementor-element-populated\">\n\t\t\t\t\t\t<div class=\"elementor-element elementor-element-cd42144 elementor-widget elementor-widget-text-editor\" data-id=\"cd42144\" data-element_type=\"widget\" data-e-type=\"widget\" data-widget_type=\"text-editor.default\">\n\t\t\t\t<div class=\"elementor-widget-container\">\n\t\t\t\t\t\t\t\t\t<p class=\"gmail-western\">\u00bfQu\u00e9 tiene de bueno un conservante totalmente natural? \u00bfY por qu\u00e9 necesitamos ese conservante totalmente natural a base de plantas? Antes de hablar de eso, hablemos de los conservantes qu\u00edmicos y de c\u00f3mo pueden ser peligrosos para nosotros.<\/p><p class=\"gmail-western\">Las empresas alimentarias suelen utilizar cuatro tipos de sustancias qu\u00edmicas para conservar los alimentos. Son el nitrato de sodio, el nitrito, el sulfito y el benzoato de sodio. Cada uno de ellos se utiliza para conservar distintos tipos de alimentos.<\/p><p class=\"gmail-western\">El nitrato de sodio y el nitrito se utilizan para conservar productos c\u00e1rnicos, como hamburguesas, salchichas y nuggets. La Agencia de Protecci\u00f3n del Medio Ambiente de EE.UU. declar\u00f3 que el consumo de estas sustancias qu\u00edmicas puede provocar c\u00e1ncer, tumores, debilidad muscular y dolor abdominal.<\/p><p class=\"gmail-western\">Los sulfitos pueden encontrarse en\u00a0<a href=\"https:\/\/earthbuddies.net\/liquor-drink-eco-responsibly\/\" target=\"_blank\" rel=\"noopener\">vino<\/a>, en el caso de las patatas, su consumo puede estar relacionado con la diarrea, los frutos secos, las gambas y los productos de patata procesados. Aunque el compuesto qu\u00edmico est\u00e1 \"Generalmente Reconocido como Seguro\" seg\u00fan la Administraci\u00f3n de Alimentos y Medicamentos de EE.UU., pero su consumo en cantidad excesiva est\u00e1 relacionado con diarrea, respiraci\u00f3n asm\u00e1tica e hipotensi\u00f3n. Este compuesto qu\u00edmico es especialmente peligroso para las personas al\u00e9rgicas.<\/p><p class=\"gmail-western\">Mientras que el benzoato s\u00f3dico o \u00e1cido benzoico es el que se utiliza para prevenir el crecimiento bacteriano en los productos alimenticios. Cuando se combina con vitamina C, puede provocar c\u00e1ncer, incluida la leucemia. Si no se combina con otras sustancias qu\u00edmicas, el benzoato s\u00f3dico puede causar da\u00f1os en el coraz\u00f3n, el h\u00edgado, los ri\u00f1ones y el cerebro tras un consumo excesivo.<\/p>\t\t\t\t\t\t\t\t<\/div>\n\t\t\t\t<\/div>\n\t\t\t\t\t<\/div>\n\t\t<\/div>\n\t\t\t\t<div class=\"elementor-column elementor-col-50 elementor-top-column elementor-element elementor-element-661d129\" data-id=\"661d129\" data-element_type=\"column\" data-e-type=\"column\">\n\t\t\t<div class=\"elementor-widget-wrap elementor-element-populated\">\n\t\t\t\t\t\t<div class=\"elementor-element elementor-element-972006e elementor-widget-divider--view-line elementor-widget elementor-widget-divider\" data-id=\"972006e\" data-element_type=\"widget\" data-e-type=\"widget\" data-widget_type=\"divider.default\">\n\t\t\t\t<div class=\"elementor-widget-container\">\n\t\t\t\t\t\t\t<div class=\"elementor-divider\">\n\t\t\t<span class=\"elementor-divider-separator\">\n\t\t\t\t\t\t<\/span>\n\t\t<\/div>\n\t\t\t\t\t\t<\/div>\n\t\t\t\t<\/div>\n\t\t\t\t<div class=\"elementor-element elementor-element-e9bfd3a elementor-widget elementor-widget-heading\" data-id=\"e9bfd3a\" data-element_type=\"widget\" data-e-type=\"widget\" data-widget_type=\"heading.default\">\n\t\t\t\t<div class=\"elementor-widget-container\">\n\t\t\t\t\t<h4 class=\"elementor-heading-title elementor-size-default\">Llega un conservante vegetal totalmente natural<\/h4>\t\t\t\t<\/div>\n\t\t\t\t<\/div>\n\t\t\t\t\t<\/div>\n\t\t<\/div>\n\t\t\t\t\t<\/div>\n\t\t<\/section>\n\t\t\t\t<\/div>","protected":false},"excerpt":{"rendered":"<p>ESTAAN The (wine) preservative of the future! https:\/\/biolethics.com\/wp-content\/uploads\/2023\/09\/Estaan-promo-Eng-Adam.mp4 ESTAAN The (wine) preservative of the future! &#8220;If food is the body of good living, wine is its soul.&#8221; &#8211; Clifton Fadiman &#8211; Bottles of wine 1 with Estaan 1 % What\u2019s so good about an all-natural preservative? And why we need that all-natural plant-based preservative? Before [&hellip;]<\/p>\n","protected":false},"author":2,"featured_media":0,"parent":0,"menu_order":0,"comment_status":"closed","ping_status":"closed","template":"elementor_header_footer","meta":{"footnotes":""},"class_list":["post-608","page","type-page","status-publish","hentry"],"_links":{"self":[{"href":"https:\/\/biolethics.com\/es\/wp-json\/wp\/v2\/pages\/608","targetHints":{"allow":["GET"]}}],"collection":[{"href":"https:\/\/biolethics.com\/es\/wp-json\/wp\/v2\/pages"}],"about":[{"href":"https:\/\/biolethics.com\/es\/wp-json\/wp\/v2\/types\/page"}],"author":[{"embeddable":true,"href":"https:\/\/biolethics.com\/es\/wp-json\/wp\/v2\/users\/2"}],"replies":[{"embeddable":true,"href":"https:\/\/biolethics.com\/es\/wp-json\/wp\/v2\/comments?post=608"}],"version-history":[{"count":378,"href":"https:\/\/biolethics.com\/es\/wp-json\/wp\/v2\/pages\/608\/revisions"}],"predecessor-version":[{"id":1963,"href":"https:\/\/biolethics.com\/es\/wp-json\/wp\/v2\/pages\/608\/revisions\/1963"}],"wp:attachment":[{"href":"https:\/\/biolethics.com\/es\/wp-json\/wp\/v2\/media?parent=608"}],"curies":[{"name":"wp","href":"https:\/\/api.w.org\/{rel}","templated":true}]}}