{"id":118,"date":"2020-09-14T21:08:58","date_gmt":"2020-09-14T21:08:58","guid":{"rendered":"http:\/\/biolethics.com\/?page_id=118"},"modified":"2023-08-11T11:07:23","modified_gmt":"2023-08-11T11:07:23","slug":"development","status":"publish","type":"page","link":"https:\/\/biolethics.com\/fr\/development\/","title":{"rendered":"D\u00e9veloppement"},"content":{"rendered":"<div data-elementor-type=\"wp-page\" data-elementor-id=\"118\" class=\"elementor elementor-118\" data-elementor-post-type=\"page\">\n\t\t\t\t\t\t<section class=\"elementor-section elementor-top-section elementor-element elementor-element-9e3e850 elementor-section-height-min-height elementor-section-items-top elementor-section-content-middle elementor-section-boxed elementor-section-height-default\" data-id=\"9e3e850\" data-element_type=\"section\" data-e-type=\"section\" data-settings=\"{&quot;background_background&quot;:&quot;classic&quot;}\">\n\t\t\t\t\t\t\t<div class=\"elementor-background-overlay\"><\/div>\n\t\t\t\t\t\t\t<div class=\"elementor-container elementor-column-gap-no\">\n\t\t\t\t\t<div class=\"elementor-column elementor-col-100 elementor-top-column elementor-element elementor-element-431638a\" data-id=\"431638a\" data-element_type=\"column\" data-e-type=\"column\">\n\t\t\t<div class=\"elementor-widget-wrap elementor-element-populated\">\n\t\t\t\t\t\t<div class=\"elementor-element elementor-element-f90322b elementor-widget elementor-widget-heading\" data-id=\"f90322b\" data-element_type=\"widget\" data-e-type=\"widget\" data-widget_type=\"heading.default\">\n\t\t\t\t<div class=\"elementor-widget-container\">\n\t\t\t\t\t<h2 class=\"elementor-heading-title elementor-size-default\">D\u00e9veloppement<\/h2>\t\t\t\t<\/div>\n\t\t\t\t<\/div>\n\t\t\t\t\t<\/div>\n\t\t<\/div>\n\t\t\t\t\t<\/div>\n\t\t<\/section>\n\t\t\t\t<section class=\"elementor-section elementor-top-section elementor-element elementor-element-11eab9b elementor-section-boxed elementor-section-height-default elementor-section-height-default\" data-id=\"11eab9b\" data-element_type=\"section\" data-e-type=\"section\">\n\t\t\t\t\t\t<div class=\"elementor-container elementor-column-gap-default\">\n\t\t\t\t\t<div class=\"elementor-column elementor-col-100 elementor-top-column elementor-element elementor-element-49f2aa0\" data-id=\"49f2aa0\" data-element_type=\"column\" data-e-type=\"column\">\n\t\t\t<div class=\"elementor-widget-wrap elementor-element-populated\">\n\t\t\t\t\t\t<div class=\"elementor-element elementor-element-191b94a elementor-widget elementor-widget-heading\" data-id=\"191b94a\" data-element_type=\"widget\" data-e-type=\"widget\" data-widget_type=\"heading.default\">\n\t\t\t\t<div class=\"elementor-widget-container\">\n\t\t\t\t\t<h2 class=\"elementor-heading-title elementor-size-default\">En l'espace de huit ans, des avanc\u00e9es significatives ont \u00e9t\u00e9 r\u00e9alis\u00e9es dans le d\u00e9veloppement d'un substitut v\u00e9g\u00e9tal au sulfite. La biotechnologie, la s\u00e9lection v\u00e9g\u00e9tale et la recherche innovante ont jou\u00e9 un r\u00f4le crucial dans ces progr\u00e8s. Jetons un coup d'\u0153il sur les principales \u00e9tapes franchies. <\/h2>\t\t\t\t<\/div>\n\t\t\t\t<\/div>\n\t\t\t\t<div class=\"elementor-element elementor-element-5296ab44 elementor-widget-divider--view-line elementor-widget elementor-widget-divider\" data-id=\"5296ab44\" data-element_type=\"widget\" data-e-type=\"widget\" data-widget_type=\"divider.default\">\n\t\t\t\t<div class=\"elementor-widget-container\">\n\t\t\t\t\t\t\t<div class=\"elementor-divider\">\n\t\t\t<span class=\"elementor-divider-separator\">\n\t\t\t\t\t\t<\/span>\n\t\t<\/div>\n\t\t\t\t\t\t<\/div>\n\t\t\t\t<\/div>\n\t\t\t\t\t<\/div>\n\t\t<\/div>\n\t\t\t\t\t<\/div>\n\t\t<\/section>\n\t\t\t\t<section class=\"elementor-section elementor-top-section elementor-element elementor-element-f58c91e elementor-section-boxed elementor-section-height-default elementor-section-height-default\" data-id=\"f58c91e\" data-element_type=\"section\" data-e-type=\"section\">\n\t\t\t\t\t\t<div class=\"elementor-container elementor-column-gap-default\">\n\t\t\t\t\t<div class=\"elementor-column elementor-col-100 elementor-top-column elementor-element elementor-element-ecd3a06\" data-id=\"ecd3a06\" data-element_type=\"column\" data-e-type=\"column\">\n\t\t\t<div class=\"elementor-widget-wrap elementor-element-populated\">\n\t\t\t\t\t\t<div class=\"elementor-element elementor-element-266c7a8 elementor-widget elementor-widget-spacer\" data-id=\"266c7a8\" data-element_type=\"widget\" data-e-type=\"widget\" data-widget_type=\"spacer.default\">\n\t\t\t\t<div class=\"elementor-widget-container\">\n\t\t\t\t\t\t\t<div class=\"elementor-spacer\">\n\t\t\t<div class=\"elementor-spacer-inner\"><\/div>\n\t\t<\/div>\n\t\t\t\t\t\t<\/div>\n\t\t\t\t<\/div>\n\t\t\t\t\t<\/div>\n\t\t<\/div>\n\t\t\t\t\t<\/div>\n\t\t<\/section>\n\t\t\t\t<section class=\"elementor-section elementor-top-section elementor-element elementor-element-ca3dd76 elementor-section-boxed elementor-section-height-default elementor-section-height-default\" data-id=\"ca3dd76\" data-element_type=\"section\" data-e-type=\"section\">\n\t\t\t\t\t\t<div class=\"elementor-container elementor-column-gap-default\">\n\t\t\t\t\t<div class=\"elementor-column elementor-col-100 elementor-top-column elementor-element elementor-element-92d1a98\" data-id=\"92d1a98\" data-element_type=\"column\" data-e-type=\"column\">\n\t\t\t<div class=\"elementor-widget-wrap elementor-element-populated\">\n\t\t\t\t\t\t<div class=\"elementor-element elementor-element-dbb9493 elementor-widget elementor-widget-timeline-widget-addon\" data-id=\"dbb9493\" data-element_type=\"widget\" data-e-type=\"widget\" data-widget_type=\"timeline-widget-addon.default\">\n\t\t\t\t<div class=\"elementor-widget-container\">\n\t\t\t\t\t<!-- ========= Timeline Widget Addon For Elementor 1.6.24 ========= -->\n<div id=\"twae-wrapper-dbb9493\" class=\"twae-vertical twae-wrapper  twae-both-sided\">   \n    <div class=\"twae-start\"><\/div>    \n    <div id=\"twea-timeline-dbb9493\" class=\"twae-timeline\" ><!-- Start of Story Repeater Content --><div id=\"story-07aa172\" class=\"twae-story twae-repeater-item twae-story-right twae-story-no-icon\"><!-- Story Label --><div class=\"twae-labels\"><div class=\"twae-label-big\">2015<\/div><\/div><!-- Story Icon --><div class=\"twae-icon\"><i aria-hidden=\"true\" class=\"far fa-clock\"><\/i><\/div><!-- Story Arrow --><div class=\"twae-arrow\"><\/div><!-- Start of Story Content --><div class=\"twae-content\"><!-- Story Title --><div class=\"twae-title\">Identification des plantes candidates<\/div><!-- Story Description --><div class=\"twae-description\"><p>Dans un premier temps, les chercheurs ont examin\u00e9 diverses esp\u00e8ces v\u00e9g\u00e9tales pour trouver celles qui produisent naturellement des compos\u00e9s similaires au sulfite. Les candidats prometteurs ont ensuite fait l'objet d'une \u00e9tude plus approfondie.<\/p><\/div><\/div><\/div><!-- Start of Story Repeater Content --><div id=\"story-cbb60e1\" class=\"twae-story twae-repeater-item twae-story-left twae-story-no-icon\"><!-- Story Label --><div class=\"twae-labels\"><div class=\"twae-label-big\">2016<\/div><\/div><!-- Story Icon --><div class=\"twae-icon\"><i aria-hidden=\"true\" class=\"far fa-clock\"><\/i><\/div><!-- Story Arrow --><div class=\"twae-arrow\"><\/div><!-- Start of Story Content --><div class=\"twae-content\"><!-- Story Title --><div class=\"twae-title\">Tests in vitro<\/div><!-- Story Description --><div class=\"twae-description\"><p>Exp\u00e9riences initiales en laboratoire et tests in vitro men\u00e9s dans des \u00e9tablissements vinicoles privil\u00e9gi\u00e9s.<\/p><\/div><\/div><\/div><!-- Start of Story Repeater Content --><div id=\"story-d782410\" class=\"twae-story twae-repeater-item twae-story-right twae-story-no-icon\"><!-- Story Label --><div class=\"twae-labels\"><div class=\"twae-label-big\">2017-2019<\/div><\/div><!-- Story Icon --><div class=\"twae-icon\"><i aria-hidden=\"true\" class=\"far fa-clock\"><\/i><\/div><!-- Story Arrow --><div class=\"twae-arrow\"><\/div><!-- Start of Story Content --><div class=\"twae-content\"><!-- Story Title --><div class=\"twae-title\">Am\u00e9lioration continue du produit <\/div><!-- Story Description --><div class=\"twae-description\"><p>Des tests approfondis ont \u00e9t\u00e9 men\u00e9s pour garantir l'innocuit\u00e9 et la non-toxicit\u00e9 du substitut de sulfite d'origine v\u00e9g\u00e9tale pour la consommation humaine.<\/p><\/div><\/div><\/div><!-- Start of Story Repeater Content --><div id=\"story-4c9fcdf\" class=\"twae-story twae-repeater-item twae-story-left twae-story-no-icon\"><!-- Story Label --><div class=\"twae-labels\"><div class=\"twae-label-big\">2020<\/div><\/div><!-- Story Icon --><div class=\"twae-icon\"><i aria-hidden=\"true\" class=\"far fa-clock\"><\/i><\/div><!-- Story Arrow --><div class=\"twae-arrow\"><\/div><!-- Start of Story Content --><div class=\"twae-content\"><!-- Story Title --><div class=\"twae-title\">Exp\u00e9rience \u0153nologique<\/div><!-- Story Description --><div class=\"twae-description\"><p>Une autorisation n\u00e9erlandaise a \u00e9t\u00e9 obtenue pour mener une exp\u00e9rience \u0153nologique \u00e0 grande \u00e9chelle, ainsi qu'un brevet et une collaboration avec l'universit\u00e9 de Geisenheim.<\/p><\/div><\/div><\/div><!-- Start of Story Repeater Content --><div id=\"story-0b35367\" class=\"twae-story twae-repeater-item twae-story-right twae-story-no-icon\"><!-- Story Label --><div class=\"twae-labels\"><div class=\"twae-label-big\">2021-2022<\/div><\/div><!-- Story Icon --><div class=\"twae-icon\"><i aria-hidden=\"true\" class=\"far fa-clock\"><\/i><\/div><!-- Story Arrow --><div class=\"twae-arrow\"><\/div><!-- Start of Story Content --><div class=\"twae-content\"><!-- Story Title --><div class=\"twae-title\">Essais<\/div><!-- Story Description --><div class=\"twae-description\"><p>Des essais ont \u00e9t\u00e9 men\u00e9s \u00e0 l'\u00e9chelle mondiale avec une formule am\u00e9lior\u00e9e.<\/p><\/div><\/div><\/div><!-- Start of Story Repeater Content --><div id=\"story-32fbead\" class=\"twae-story twae-repeater-item twae-story-left twae-story-no-icon\"><!-- Story Label --><div class=\"twae-labels\"><div class=\"twae-label-big\">2023<\/div><\/div><!-- Story Icon --><div class=\"twae-icon\"><i aria-hidden=\"true\" class=\"far fa-clock\"><\/i><\/div><!-- Story Arrow --><div class=\"twae-arrow\"><\/div><!-- Start of Story Content --><div class=\"twae-content\"><!-- Story Title --><div class=\"twae-title\">Approbation<\/div><!-- Story Description --><div class=\"twae-description\"><p>Approbation r\u00e9glementaire et acceptation du march\u00e9.<\/p><\/div><\/div><\/div><\/div>\n    <div class=\"twae-end\"><\/div>\n    <\/div><style type=\"text\/css\">@media (max-width: 1024px){ .twae-wrapper{--tw-ybx-size: 80px !important;}}@media (max-width: 767px){ .twae-wrapper{--tw-ybx-size: 80px !important}}<\/style>\t\t\t\t<\/div>\n\t\t\t\t<\/div>\n\t\t\t\t\t<\/div>\n\t\t<\/div>\n\t\t\t\t\t<\/div>\n\t\t<\/section>\n\t\t\t\t<section class=\"elementor-section elementor-top-section elementor-element elementor-element-3c9616c elementor-section-boxed elementor-section-height-default elementor-section-height-default\" data-id=\"3c9616c\" data-element_type=\"section\" data-e-type=\"section\">\n\t\t\t\t\t\t<div class=\"elementor-container elementor-column-gap-default\">\n\t\t\t\t\t<div class=\"elementor-column elementor-col-100 elementor-top-column elementor-element elementor-element-3969bc3\" data-id=\"3969bc3\" data-element_type=\"column\" data-e-type=\"column\">\n\t\t\t<div class=\"elementor-widget-wrap elementor-element-populated\">\n\t\t\t\t\t\t<div class=\"elementor-element elementor-element-b216219 elementor-widget elementor-widget-heading\" data-id=\"b216219\" data-element_type=\"widget\" data-e-type=\"widget\" data-widget_type=\"heading.default\">\n\t\t\t\t<div class=\"elementor-widget-container\">\n\t\t\t\t\t<h2 class=\"elementor-heading-title elementor-size-default\">Huit ans plus tard, le remplacement des sulfites d'origine v\u00e9g\u00e9tale est devenu une alternative commercialement viable et largement adopt\u00e9e par l'industrie vinicole. Elle a non seulement permis de r\u00e9duire la d\u00e9pendance \u00e0 l'\u00e9gard des sources traditionnelles de sulfites, mais aussi de promouvoir des pratiques durables et respectueuses de l'environnement. La contribution unique d'ESTAAN\u00ae au cours de la vinification marque une \u00e9tape importante dans la recherche d'un \u00e9tiquetage propre dans le monde du vin.<\/h2>\t\t\t\t<\/div>\n\t\t\t\t<\/div>\n\t\t\t\t\t<\/div>\n\t\t<\/div>\n\t\t\t\t\t<\/div>\n\t\t<\/section>\n\t\t\t\t<section class=\"elementor-section elementor-top-section elementor-element elementor-element-d0448d8 elementor-section-boxed elementor-section-height-default elementor-section-height-default\" data-id=\"d0448d8\" data-element_type=\"section\" data-e-type=\"section\">\n\t\t\t\t\t\t<div class=\"elementor-container elementor-column-gap-default\">\n\t\t\t\t\t<div class=\"elementor-column elementor-col-100 elementor-top-column elementor-element elementor-element-4ffcebc\" data-id=\"4ffcebc\" data-element_type=\"column\" data-e-type=\"column\">\n\t\t\t<div class=\"elementor-widget-wrap elementor-element-populated\">\n\t\t\t\t\t\t<div class=\"elementor-element elementor-element-0964c58 elementor-widget elementor-widget-spacer\" data-id=\"0964c58\" data-element_type=\"widget\" data-e-type=\"widget\" data-widget_type=\"spacer.default\">\n\t\t\t\t<div class=\"elementor-widget-container\">\n\t\t\t\t\t\t\t<div class=\"elementor-spacer\">\n\t\t\t<div class=\"elementor-spacer-inner\"><\/div>\n\t\t<\/div>\n\t\t\t\t\t\t<\/div>\n\t\t\t\t<\/div>\n\t\t\t\t\t<\/div>\n\t\t<\/div>\n\t\t\t\t\t<\/div>\n\t\t<\/section>\n\t\t\t\t<\/div>","protected":false},"excerpt":{"rendered":"<p>Development During the span of eight years, significant advancements have been made in developing a plant-based substitute for sulphite. Biotechnology, plant breeding, and innovative research have played crucial roles in this progress. Let&#8217;s take a look at the major milestones achieved. 2015Identification of Candidate Plants Initially, researchers examined various plant species to find ones that [&hellip;]<\/p>\n","protected":false},"author":2,"featured_media":0,"parent":0,"menu_order":0,"comment_status":"closed","ping_status":"closed","template":"elementor_header_footer","meta":{"footnotes":""},"class_list":["post-118","page","type-page","status-publish","hentry"],"_links":{"self":[{"href":"https:\/\/biolethics.com\/fr\/wp-json\/wp\/v2\/pages\/118","targetHints":{"allow":["GET"]}}],"collection":[{"href":"https:\/\/biolethics.com\/fr\/wp-json\/wp\/v2\/pages"}],"about":[{"href":"https:\/\/biolethics.com\/fr\/wp-json\/wp\/v2\/types\/page"}],"author":[{"embeddable":true,"href":"https:\/\/biolethics.com\/fr\/wp-json\/wp\/v2\/users\/2"}],"replies":[{"embeddable":true,"href":"https:\/\/biolethics.com\/fr\/wp-json\/wp\/v2\/comments?post=118"}],"version-history":[{"count":133,"href":"https:\/\/biolethics.com\/fr\/wp-json\/wp\/v2\/pages\/118\/revisions"}],"predecessor-version":[{"id":1738,"href":"https:\/\/biolethics.com\/fr\/wp-json\/wp\/v2\/pages\/118\/revisions\/1738"}],"wp:attachment":[{"href":"https:\/\/biolethics.com\/fr\/wp-json\/wp\/v2\/media?parent=118"}],"curies":[{"name":"wp","href":"https:\/\/api.w.org\/{rel}","templated":true}]}}