{"id":16,"date":"2020-08-31T13:01:35","date_gmt":"2020-08-31T13:01:35","guid":{"rendered":"http:\/\/biolethics.com\/?page_id=16"},"modified":"2023-08-11T11:12:12","modified_gmt":"2023-08-11T11:12:12","slug":"about-us","status":"publish","type":"page","link":"https:\/\/biolethics.com\/it\/about-us\/","title":{"rendered":"Chi siamo"},"content":{"rendered":"<div data-elementor-type=\"wp-page\" data-elementor-id=\"16\" class=\"elementor elementor-16\" data-elementor-post-type=\"page\">\n\t\t\t\t\t\t<section class=\"elementor-section elementor-top-section elementor-element elementor-element-1fa93d66 elementor-section-height-min-height elementor-section-items-top elementor-section-content-middle elementor-section-boxed elementor-section-height-default\" data-id=\"1fa93d66\" data-element_type=\"section\" data-e-type=\"section\" data-settings=\"{&quot;background_background&quot;:&quot;classic&quot;}\">\n\t\t\t\t\t\t\t<div class=\"elementor-background-overlay\"><\/div>\n\t\t\t\t\t\t\t<div class=\"elementor-container elementor-column-gap-no\">\n\t\t\t\t\t<div class=\"elementor-column elementor-col-100 elementor-top-column elementor-element elementor-element-6dbba72e\" data-id=\"6dbba72e\" data-element_type=\"column\" data-e-type=\"column\">\n\t\t\t<div class=\"elementor-widget-wrap elementor-element-populated\">\n\t\t\t\t\t\t<div class=\"elementor-element elementor-element-d005468 elementor-widget elementor-widget-heading\" data-id=\"d005468\" data-element_type=\"widget\" data-e-type=\"widget\" data-widget_type=\"heading.default\">\n\t\t\t\t<div class=\"elementor-widget-container\">\n\t\t\t\t\t<h2 class=\"elementor-heading-title elementor-size-default\">Chi siamo<\/h2>\t\t\t\t<\/div>\n\t\t\t\t<\/div>\n\t\t\t\t\t<\/div>\n\t\t<\/div>\n\t\t\t\t\t<\/div>\n\t\t<\/section>\n\t\t\t\t<section class=\"elementor-section elementor-top-section elementor-element elementor-element-8c986b9 elementor-section-boxed elementor-section-height-default elementor-section-height-default\" data-id=\"8c986b9\" data-element_type=\"section\" data-e-type=\"section\">\n\t\t\t\t\t\t<div class=\"elementor-container elementor-column-gap-default\">\n\t\t\t\t\t<div class=\"elementor-column elementor-col-100 elementor-top-column elementor-element elementor-element-e91c842\" data-id=\"e91c842\" data-element_type=\"column\" data-e-type=\"column\">\n\t\t\t<div class=\"elementor-widget-wrap elementor-element-populated\">\n\t\t\t\t\t\t<section class=\"elementor-section elementor-inner-section elementor-element elementor-element-10f7605 elementor-section-boxed elementor-section-height-default elementor-section-height-default\" data-id=\"10f7605\" data-element_type=\"section\" data-e-type=\"section\">\n\t\t\t\t\t\t<div class=\"elementor-container elementor-column-gap-default\">\n\t\t\t\t\t<div class=\"elementor-column elementor-col-100 elementor-inner-column elementor-element elementor-element-752f8af\" data-id=\"752f8af\" data-element_type=\"column\" data-e-type=\"column\">\n\t\t\t<div class=\"elementor-widget-wrap elementor-element-populated\">\n\t\t\t\t\t\t<div class=\"elementor-element elementor-element-382c822 elementor-widget elementor-widget-heading\" data-id=\"382c822\" data-element_type=\"widget\" data-e-type=\"widget\" data-widget_type=\"heading.default\">\n\t\t\t\t<div class=\"elementor-widget-container\">\n\t\t\t\t\t<h2 class=\"elementor-heading-title elementor-size-default\">Biolethics \u00e8 stata fondata da Rob ten Herkel e Ton Kl\u00e9berg, entrambi cittadini olandesi. Nel corso di 8 anni hanno collaborato con diversi scienziati e universit\u00e0 per sviluppare ESTAAN, un sostituto completamente naturale del solfito a base vegetale. Il requisito principale per il suo utilizzo nel vino era garantire che tutte le caratteristiche, compreso il gusto, rimanessero invariate. Abbiamo raggiunto un tasso di successo del 100% nel soddisfare questo criterio.<\/h2>\t\t\t\t<\/div>\n\t\t\t\t<\/div>\n\t\t\t\t\t<\/div>\n\t\t<\/div>\n\t\t\t\t\t<\/div>\n\t\t<\/section>\n\t\t\t\t\t<\/div>\n\t\t<\/div>\n\t\t\t\t\t<\/div>\n\t\t<\/section>\n\t\t\t\t<section class=\"elementor-section elementor-top-section elementor-element elementor-element-a67e299 elementor-section-boxed elementor-section-height-default elementor-section-height-default\" data-id=\"a67e299\" data-element_type=\"section\" data-e-type=\"section\">\n\t\t\t\t\t\t<div class=\"elementor-container elementor-column-gap-default\">\n\t\t\t\t\t<div class=\"elementor-column elementor-col-100 elementor-top-column elementor-element elementor-element-9f1e949\" data-id=\"9f1e949\" data-element_type=\"column\" data-e-type=\"column\">\n\t\t\t<div class=\"elementor-widget-wrap elementor-element-populated\">\n\t\t\t\t\t\t<div class=\"elementor-element elementor-element-18c4765 elementor-widget elementor-widget-spacer\" data-id=\"18c4765\" data-element_type=\"widget\" data-e-type=\"widget\" data-widget_type=\"spacer.default\">\n\t\t\t\t<div class=\"elementor-widget-container\">\n\t\t\t\t\t\t\t<div class=\"elementor-spacer\">\n\t\t\t<div class=\"elementor-spacer-inner\"><\/div>\n\t\t<\/div>\n\t\t\t\t\t\t<\/div>\n\t\t\t\t<\/div>\n\t\t\t\t\t<\/div>\n\t\t<\/div>\n\t\t\t\t\t<\/div>\n\t\t<\/section>\n\t\t\t\t<section class=\"elementor-section elementor-top-section elementor-element elementor-element-7f1337e1 elementor-section-content-middle elementor-section-boxed elementor-section-height-default elementor-section-height-default\" data-id=\"7f1337e1\" data-element_type=\"section\" data-e-type=\"section\">\n\t\t\t\t\t\t<div class=\"elementor-container elementor-column-gap-no\">\n\t\t\t\t\t<div class=\"elementor-column elementor-col-50 elementor-top-column elementor-element elementor-element-39a0931\" data-id=\"39a0931\" data-element_type=\"column\" data-e-type=\"column\">\n\t\t\t<div class=\"elementor-widget-wrap elementor-element-populated\">\n\t\t\t\t\t\t<div class=\"elementor-element elementor-element-379012b7 elementor-widget-divider--view-line elementor-widget elementor-widget-divider\" data-id=\"379012b7\" data-element_type=\"widget\" data-e-type=\"widget\" data-widget_type=\"divider.default\">\n\t\t\t\t<div class=\"elementor-widget-container\">\n\t\t\t\t\t\t\t<div class=\"elementor-divider\">\n\t\t\t<span class=\"elementor-divider-separator\">\n\t\t\t\t\t\t<\/span>\n\t\t<\/div>\n\t\t\t\t\t\t<\/div>\n\t\t\t\t<\/div>\n\t\t\t\t<div class=\"elementor-element elementor-element-71351b24 elementor-widget elementor-widget-heading\" data-id=\"71351b24\" data-element_type=\"widget\" data-e-type=\"widget\" data-widget_type=\"heading.default\">\n\t\t\t\t<div class=\"elementor-widget-container\">\n\t\t\t\t\t<h4 class=\"elementor-heading-title elementor-size-default\">Estaan,\nun prodotto versatile<\/h4>\t\t\t\t<\/div>\n\t\t\t\t<\/div>\n\t\t\t\t\t<\/div>\n\t\t<\/div>\n\t\t\t\t<div class=\"elementor-column elementor-col-50 elementor-top-column elementor-element elementor-element-310adc75\" data-id=\"310adc75\" data-element_type=\"column\" data-e-type=\"column\">\n\t\t\t<div class=\"elementor-widget-wrap elementor-element-populated\">\n\t\t\t\t\t\t<div class=\"elementor-element elementor-element-1d87e84d elementor-widget elementor-widget-text-editor\" data-id=\"1d87e84d\" data-element_type=\"widget\" data-e-type=\"widget\" data-widget_type=\"text-editor.default\">\n\t\t\t\t<div class=\"elementor-widget-container\">\n\t\t\t\t\t\t\t\t\t<p>ESTAAN\u00ae \u00e8 un prodotto rivoluzionario sviluppato dal team di ricerca e sviluppo di Biolethics Europe. \u00c8 una miscela unica di tannini in polvere estratti da varie piante di alta qualit\u00e0, provenienti da diverse regioni. Questo innovativo conservante alimentare vanta le migliori essenze vegetali, estratte con tecniche rispettose.<\/p><p>Inizialmente utilizzato nel vino, ESTAAN\u00ae funge anche da antiossidante per vari prodotti alimentari come cipolle argentate, senape, cosmetici, verdure, frutta secca, sostituti della carne e patatine. Gli sviluppatori lo considerano il futuro della conservazione degli alimenti e lo descrivono come un progresso innovativo nel settore. La formulazione a base vegetale prevede un processo meticoloso di separazione e purificazione multifase sequenziale, che garantisce la conservazione di tutti i componenti attivi.<\/p>\t\t\t\t\t\t\t\t<\/div>\n\t\t\t\t<\/div>\n\t\t\t\t\t<\/div>\n\t\t<\/div>\n\t\t\t\t\t<\/div>\n\t\t<\/section>\n\t\t\t\t<\/div>","protected":false},"excerpt":{"rendered":"<p>About us Biolethics was established by Rob ten Herkel and Ton Kl\u00e9berg, both Dutch citizens. Over the course of 8 years, they collaborated with several scientists and universities to develop ESTAAN, a completely natural plant-based substitute for sulfite. The primary requirement for its use in wine was to ensure that all characteristics, including taste, remained [&hellip;]<\/p>\n","protected":false},"author":2,"featured_media":0,"parent":0,"menu_order":0,"comment_status":"closed","ping_status":"closed","template":"elementor_header_footer","meta":{"footnotes":""},"class_list":["post-16","page","type-page","status-publish","hentry"],"_links":{"self":[{"href":"https:\/\/biolethics.com\/it\/wp-json\/wp\/v2\/pages\/16","targetHints":{"allow":["GET"]}}],"collection":[{"href":"https:\/\/biolethics.com\/it\/wp-json\/wp\/v2\/pages"}],"about":[{"href":"https:\/\/biolethics.com\/it\/wp-json\/wp\/v2\/types\/page"}],"author":[{"embeddable":true,"href":"https:\/\/biolethics.com\/it\/wp-json\/wp\/v2\/users\/2"}],"replies":[{"embeddable":true,"href":"https:\/\/biolethics.com\/it\/wp-json\/wp\/v2\/comments?post=16"}],"version-history":[{"count":200,"href":"https:\/\/biolethics.com\/it\/wp-json\/wp\/v2\/pages\/16\/revisions"}],"predecessor-version":[{"id":1748,"href":"https:\/\/biolethics.com\/it\/wp-json\/wp\/v2\/pages\/16\/revisions\/1748"}],"wp:attachment":[{"href":"https:\/\/biolethics.com\/it\/wp-json\/wp\/v2\/media?parent=16"}],"curies":[{"name":"wp","href":"https:\/\/api.w.org\/{rel}","templated":true}]}}