{"id":608,"date":"2020-12-21T17:24:03","date_gmt":"2020-12-21T17:24:03","guid":{"rendered":"http:\/\/biolethics.com\/?page_id=608"},"modified":"2025-07-15T17:08:39","modified_gmt":"2025-07-15T17:08:39","slug":"home2","status":"publish","type":"page","link":"https:\/\/biolethics.com\/it\/","title":{"rendered":"Iniziale"},"content":{"rendered":"<div data-elementor-type=\"wp-page\" data-elementor-id=\"608\" class=\"elementor elementor-608\" data-elementor-post-type=\"page\">\n\t\t\t\t\t\t<section class=\"elementor-section elementor-top-section elementor-element elementor-element-1ae2597 elementor-section-height-min-height elementor-section-boxed elementor-section-height-default elementor-section-items-middle\" data-id=\"1ae2597\" data-element_type=\"section\" data-e-type=\"section\" data-settings=\"{&quot;background_background&quot;:&quot;classic&quot;}\">\n\t\t\t\t\t\t<div class=\"elementor-container elementor-column-gap-default\">\n\t\t\t\t\t<div class=\"elementor-column elementor-col-100 elementor-top-column elementor-element elementor-element-14e541f elementor-invisible\" data-id=\"14e541f\" data-element_type=\"column\" data-e-type=\"column\" data-settings=\"{&quot;background_background&quot;:&quot;classic&quot;,&quot;animation&quot;:&quot;zoomIn&quot;}\">\n\t\t\t<div class=\"elementor-widget-wrap elementor-element-populated\">\n\t\t\t\t\t\t\t<\/div>\n\t\t<\/div>\n\t\t\t\t\t<\/div>\n\t\t<\/section>\n\t\t\t\t<section class=\"elementor-section elementor-top-section elementor-element elementor-element-2b792435 elementor-section-full_width elementor-section-height-default elementor-section-height-default\" data-id=\"2b792435\" data-element_type=\"section\" data-e-type=\"section\" data-settings=\"{&quot;background_background&quot;:&quot;classic&quot;}\">\n\t\t\t\t\t\t\t<div class=\"elementor-background-overlay\"><\/div>\n\t\t\t\t\t\t\t<div class=\"elementor-container elementor-column-gap-extended\">\n\t\t\t\t\t<div class=\"elementor-column elementor-col-100 elementor-top-column elementor-element elementor-element-2cdca60b\" data-id=\"2cdca60b\" data-element_type=\"column\" data-e-type=\"column\">\n\t\t\t<div class=\"elementor-widget-wrap elementor-element-populated\">\n\t\t\t\t\t\t<div class=\"elementor-element elementor-element-32bae475 elementor-widget__width-inherit elementor-widget elementor-widget-heading\" data-id=\"32bae475\" data-element_type=\"widget\" data-e-type=\"widget\" data-widget_type=\"heading.default\">\n\t\t\t\t<div class=\"elementor-widget-container\">\n\t\t\t\t\t<h4 class=\"elementor-heading-title elementor-size-default\">\"Se il cibo \u00e8 il corpo del buon vivere, il vino ne \u00e8 l'anima\".<\/h4>\t\t\t\t<\/div>\n\t\t\t\t<\/div>\n\t\t\t\t<div class=\"elementor-element elementor-element-5d6a6017 elementor-widget elementor-widget-text-editor\" data-id=\"5d6a6017\" data-element_type=\"widget\" data-e-type=\"widget\" data-widget_type=\"text-editor.default\">\n\t\t\t\t<div class=\"elementor-widget-container\">\n\t\t\t\t\t\t\t\t\t<p>&#8211; Clifton Fadiman &#8211;<\/p>\t\t\t\t\t\t\t\t<\/div>\n\t\t\t\t<\/div>\n\t\t\t\t\t<\/div>\n\t\t<\/div>\n\t\t\t\t\t<\/div>\n\t\t<\/section>\n\t\t\t\t<section class=\"elementor-section elementor-top-section elementor-element elementor-element-5e4a208 elementor-section-content-middle elementor-hidden-phone elementor-section-boxed elementor-section-height-default elementor-section-height-default\" data-id=\"5e4a208\" data-element_type=\"section\" data-e-type=\"section\">\n\t\t\t\t\t\t<div class=\"elementor-container elementor-column-gap-no\">\n\t\t\t\t\t<div class=\"elementor-column elementor-col-33 elementor-top-column elementor-element elementor-element-5b96f6fa\" data-id=\"5b96f6fa\" data-element_type=\"column\" data-e-type=\"column\">\n\t\t\t<div class=\"elementor-widget-wrap elementor-element-populated\">\n\t\t\t\t\t\t<div class=\"elementor-element elementor-element-5d516d4b elementor-widget elementor-widget-counter\" data-id=\"5d516d4b\" data-element_type=\"widget\" data-e-type=\"widget\" data-widget_type=\"counter.default\">\n\t\t\t\t<div class=\"elementor-widget-container\">\n\t\t\t\t\t\t\t<div class=\"elementor-counter\">\n\t\t\t<div class=\"elementor-counter-title\">Bottiglie di vino<\/div>\t\t\t<div class=\"elementor-counter-number-wrapper\">\n\t\t\t\t<span class=\"elementor-counter-number-prefix\"><\/span>\n\t\t\t\t<span class=\"elementor-counter-number\" data-duration=\"1500\" data-to-value=\"180000\" data-from-value=\"1\" data-delimiter=\".\">1<\/span>\n\t\t\t\t<span class=\"elementor-counter-number-suffix\"> <\/span>\n\t\t\t<\/div>\n\t\t<\/div>\n\t\t\t\t\t\t<\/div>\n\t\t\t\t<\/div>\n\t\t\t\t\t<\/div>\n\t\t<\/div>\n\t\t\t\t<div class=\"elementor-column elementor-col-33 elementor-top-column elementor-element elementor-element-1257b855\" data-id=\"1257b855\" data-element_type=\"column\" data-e-type=\"column\">\n\t\t\t<div class=\"elementor-widget-wrap elementor-element-populated\">\n\t\t\t\t\t\t<div class=\"elementor-element elementor-element-952ed8d elementor-hidden-phone elementor-widget elementor-widget-heading\" data-id=\"952ed8d\" data-element_type=\"widget\" data-e-type=\"widget\" data-widget_type=\"heading.default\">\n\t\t\t\t<div class=\"elementor-widget-container\">\n\t\t\t\t\t<h2 class=\"elementor-heading-title elementor-size-default\">Con<\/h2>\t\t\t\t<\/div>\n\t\t\t\t<\/div>\n\t\t\t\t<div class=\"elementor-element elementor-element-ff1d17d elementor-widget-divider--view-line elementor-widget elementor-widget-divider\" data-id=\"ff1d17d\" data-element_type=\"widget\" data-e-type=\"widget\" data-widget_type=\"divider.default\">\n\t\t\t\t<div class=\"elementor-widget-container\">\n\t\t\t\t\t\t\t<div class=\"elementor-divider\">\n\t\t\t<span class=\"elementor-divider-separator\">\n\t\t\t\t\t\t<\/span>\n\t\t<\/div>\n\t\t\t\t\t\t<\/div>\n\t\t\t\t<\/div>\n\t\t\t\t\t<\/div>\n\t\t<\/div>\n\t\t\t\t<div class=\"elementor-column elementor-col-33 elementor-top-column elementor-element elementor-element-5d81aeea\" data-id=\"5d81aeea\" data-element_type=\"column\" data-e-type=\"column\">\n\t\t\t<div class=\"elementor-widget-wrap elementor-element-populated\">\n\t\t\t\t\t\t<div class=\"elementor-element elementor-element-741df06d elementor-widget elementor-widget-counter\" data-id=\"741df06d\" data-element_type=\"widget\" data-e-type=\"widget\" data-widget_type=\"counter.default\">\n\t\t\t\t<div class=\"elementor-widget-container\">\n\t\t\t\t\t\t\t<div class=\"elementor-counter\">\n\t\t\t<div class=\"elementor-counter-title\">Estaan<\/div>\t\t\t<div class=\"elementor-counter-number-wrapper\">\n\t\t\t\t<span class=\"elementor-counter-number-prefix\"><\/span>\n\t\t\t\t<span class=\"elementor-counter-number\" data-duration=\"2000\" data-to-value=\"100\" data-from-value=\"1\" data-delimiter=\",\">1<\/span>\n\t\t\t\t<span class=\"elementor-counter-number-suffix\">%<\/span>\n\t\t\t<\/div>\n\t\t<\/div>\n\t\t\t\t\t\t<\/div>\n\t\t\t\t<\/div>\n\t\t\t\t\t<\/div>\n\t\t<\/div>\n\t\t\t\t\t<\/div>\n\t\t<\/section>\n\t\t\t\t<section class=\"elementor-section elementor-top-section elementor-element elementor-element-5a1852e elementor-section-content-middle elementor-section-boxed elementor-section-height-default elementor-section-height-default\" data-id=\"5a1852e\" data-element_type=\"section\" data-e-type=\"section\">\n\t\t\t\t\t\t<div class=\"elementor-container elementor-column-gap-no\">\n\t\t\t\t\t<div class=\"elementor-column elementor-col-50 elementor-top-column elementor-element elementor-element-9d47674\" data-id=\"9d47674\" data-element_type=\"column\" data-e-type=\"column\">\n\t\t\t<div class=\"elementor-widget-wrap elementor-element-populated\">\n\t\t\t\t\t\t<div class=\"elementor-element elementor-element-cd42144 elementor-widget elementor-widget-text-editor\" data-id=\"cd42144\" data-element_type=\"widget\" data-e-type=\"widget\" data-widget_type=\"text-editor.default\">\n\t\t\t\t<div class=\"elementor-widget-container\">\n\t\t\t\t\t\t\t\t\t<p class=\"gmail-western\">Cosa c'\u00e8 di cos\u00ec buono in un conservante completamente naturale? E perch\u00e9 abbiamo bisogno di un conservante completamente naturale a base vegetale? Prima di parlarne, parliamo dei conservanti chimici e di come possono essere pericolosi per noi.<\/p><p class=\"gmail-western\">Esistono 4 tipi di sostanze chimiche che le aziende alimentari utilizzano di solito per conservare gli alimenti. Si tratta di nitrato di sodio, nitrito, solfito e benzoato di sodio. Ognuno di essi viene utilizzato per conservare diversi tipi di alimenti.<\/p><p class=\"gmail-western\">Il nitrato e il nitrito di sodio sono utilizzati per conservare i prodotti a base di carne, tra cui polpette, salsicce e nuggets. La U.S. Environmental Protection Agency ha dichiarato che il consumo di queste sostanze chimiche pu\u00f2 provocare tumori, debolezza muscolare e dolori addominali.<\/p><p class=\"gmail-western\">I solfiti si trovano in\u00a0<a href=\"\/it\/vino\/\" target=\"_blank\" rel=\"noopener\">vino<\/a>, frutta secca, gamberi e prodotti trasformati a base di patate. Sebbene il composto chimico sia \"Generally Recognized as Safe\" (generalmente riconosciuto come sicuro) secondo la Food and Drug Administration statunitense, il suo consumo in quantit\u00e0 eccessive \u00e8 legato a diarrea, respirazione asmatica e ipotensione. Questo composto chimico \u00e8 particolarmente pericoloso per chi ne \u00e8 allergico.<\/p><p class=\"gmail-western\">Mentre il benzoato di sodio o acido benzoico \u00e8 quello utilizzato per prevenire la crescita batterica nei prodotti alimentari. Se combinato con la vitamina C, pu\u00f2 provocare il cancro, compresa la leucemia. Senza alcuna combinazione con altre sostanze chimiche, il benzoato di sodio pu\u00f2 causare danni al cuore, al fegato, ai reni e al cervello in caso di consumo massiccio.<\/p>\t\t\t\t\t\t\t\t<\/div>\n\t\t\t\t<\/div>\n\t\t\t\t\t<\/div>\n\t\t<\/div>\n\t\t\t\t<div class=\"elementor-column elementor-col-50 elementor-top-column elementor-element elementor-element-661d129\" data-id=\"661d129\" data-element_type=\"column\" data-e-type=\"column\">\n\t\t\t<div class=\"elementor-widget-wrap elementor-element-populated\">\n\t\t\t\t\t\t<div class=\"elementor-element elementor-element-972006e elementor-widget-divider--view-line elementor-widget elementor-widget-divider\" data-id=\"972006e\" data-element_type=\"widget\" data-e-type=\"widget\" data-widget_type=\"divider.default\">\n\t\t\t\t<div class=\"elementor-widget-container\">\n\t\t\t\t\t\t\t<div class=\"elementor-divider\">\n\t\t\t<span class=\"elementor-divider-separator\">\n\t\t\t\t\t\t<\/span>\n\t\t<\/div>\n\t\t\t\t\t\t<\/div>\n\t\t\t\t<\/div>\n\t\t\t\t<div class=\"elementor-element elementor-element-e9bfd3a elementor-widget elementor-widget-heading\" data-id=\"e9bfd3a\" data-element_type=\"widget\" data-e-type=\"widget\" data-widget_type=\"heading.default\">\n\t\t\t\t<div class=\"elementor-widget-container\">\n\t\t\t\t\t<h4 class=\"elementor-heading-title elementor-size-default\">\u00c8 arrivato il conservante completamente naturale a base vegetale<\/h4>\t\t\t\t<\/div>\n\t\t\t\t<\/div>\n\t\t\t\t\t<\/div>\n\t\t<\/div>\n\t\t\t\t\t<\/div>\n\t\t<\/section>\n\t\t\t\t<\/div>","protected":false},"excerpt":{"rendered":"<p>ESTAAN The (wine) preservative of the future! https:\/\/biolethics.com\/wp-content\/uploads\/2023\/09\/Estaan-promo-Eng-Adam.mp4 ESTAAN The (wine) preservative of the future! &#8220;If food is the body of good living, wine is its soul.&#8221; &#8211; Clifton Fadiman &#8211; Bottles of wine 1 with Estaan 1 % What\u2019s so good about an all-natural preservative? And why we need that all-natural plant-based preservative? Before [&hellip;]<\/p>\n","protected":false},"author":2,"featured_media":0,"parent":0,"menu_order":0,"comment_status":"closed","ping_status":"closed","template":"elementor_header_footer","meta":{"footnotes":""},"class_list":["post-608","page","type-page","status-publish","hentry"],"_links":{"self":[{"href":"https:\/\/biolethics.com\/it\/wp-json\/wp\/v2\/pages\/608","targetHints":{"allow":["GET"]}}],"collection":[{"href":"https:\/\/biolethics.com\/it\/wp-json\/wp\/v2\/pages"}],"about":[{"href":"https:\/\/biolethics.com\/it\/wp-json\/wp\/v2\/types\/page"}],"author":[{"embeddable":true,"href":"https:\/\/biolethics.com\/it\/wp-json\/wp\/v2\/users\/2"}],"replies":[{"embeddable":true,"href":"https:\/\/biolethics.com\/it\/wp-json\/wp\/v2\/comments?post=608"}],"version-history":[{"count":378,"href":"https:\/\/biolethics.com\/it\/wp-json\/wp\/v2\/pages\/608\/revisions"}],"predecessor-version":[{"id":1963,"href":"https:\/\/biolethics.com\/it\/wp-json\/wp\/v2\/pages\/608\/revisions\/1963"}],"wp:attachment":[{"href":"https:\/\/biolethics.com\/it\/wp-json\/wp\/v2\/media?parent=608"}],"curies":[{"name":"wp","href":"https:\/\/api.w.org\/{rel}","templated":true}]}}